{"id":385,"date":"2022-12-13T19:46:32","date_gmt":"2022-12-13T19:46:32","guid":{"rendered":"https:\/\/jeunesenfugue.ca\/nos-partenaires\/"},"modified":"2024-10-24T15:12:48","modified_gmt":"2024-10-24T15:12:48","slug":"nos-partenaires","status":"publish","type":"page","link":"https:\/\/jeunesenfugue.ca\/en\/a-propos\/la-mise-a-jour-2023\/","title":{"rendered":"Our partners &#8211; 2023 update"},"content":{"rendered":"\n\n\t<h1><strong>2023 Update<\/strong><\/h1>\n<h2>\n\t\t2023 Overhaul\n\t<\/h2>\n\t<p>The visual overhaul of the site, along with the updates to its content and the development of digital tools, were coordinated by the Fugues, Sexo and Toxico support structure of the Youth Program Department at the CIUSSS du Centre-Sud-de-l&#8217;\u00cele-de-Montr\u00e9al. These initiatives were strongly supported by the community liaison officer of En Marge 12-17, in partnership with the POM team at Oxy-Jeunes. This project is intended for youth, their parents and youth workers, and aims to give them the tools they need. It is part of the 2018 action plan <em>Les fugues en centre de r\u00e9adaptation pour jeunes en difficult\u00e9 d&#8217;adaptation: Pr\u00e9venir pour mieux intervenir<\/em>.<\/p>\n\t\t\t\t<img loading=\"lazy\" decoding=\"async\" src=\"https:\/\/jeunesenfugue.ca\/wp-content\/uploads\/2022\/11\/Jeunes-Tu-penses-fuguer.svg\" alt=\"Tu penses fuguer\" itemprop=\"image\" height=\"0\" width=\"0\" title=\"Jeunes-Tu-penses-fuguer\" onerror=\"this.style.display='none'\"  \/>\n\t\t\t\t<img loading=\"lazy\" decoding=\"async\" src=\"https:\/\/jeunesenfugue.ca\/wp-content\/uploads\/2023\/10\/contenu-multimedias.svg\" alt=\"Contenu multim\u00e9dias\" itemprop=\"image\" height=\"0\" width=\"0\" title=\"contenu-multimedias\" onerror=\"this.style.display='none'\"  \/>\n<h2>\n\t\tApproach\n\t<\/h2>\n\t<p>This multimedia content is the result of a collaboration between the POM collective and some twenty youths placed under the care of youth protection or in contact with the En Marge 12-17 community resource. From this pool of knowledge emerged the photographs that illustrate this site, the texts and images for the videos, as well as the script and visuals for the interactive experience.<\/p>\n<p>A community program aimed at introducing participants to the media arts, POM (<em>Petites \u0152uvres Multim\u00e9dias<\/em>) helps them discover storytelling and the narrative tools of photography, writing, sound, and video. POM&#8217;s artistic and educational approach is based on knowledge sharing and co-learning, from ideation to post-production.<\/p>\n<h2>\n\t\tPartners\n\t<\/h2>\n\t<p>For the site overhaul and content update, we were fortunate to rely on the following resources:<\/p>\n\t<p><a href=\"http:\/\/www.batshaw.qc.ca\/en\/node\" target=\"_blank\" rel=\"noopener\">CIUSSS Ouest-de-l&#8217;\u00eele-de-Montr\u00e9al &#8211; installation Batshaw Youth and Familiy Centres of the Youth Program Department<\/a><\/p>\n<p><a href=\"https:\/\/ciusss-centresudmtl.gouv.qc.ca\/\" target=\"_blank\" rel=\"noopener\">Fugues-Sexo-Toxico (FST) support structure of the Youth Program Department at the CIUSSS du Centre-Sud-de-l&#8217;\u00cele-de-Montr\u00e9al<\/a><\/p>\n<p><a href=\"https:\/\/www.oxy-jeunes.com\/pom\" target=\"_blank\" rel=\"noopener\">POM team at Oxy-Jeunes<\/a> for the co-creation process, which encouraged youths and parents to speak out. <strong>Thanks to the participants in the POM workshops<\/strong> for sharing their experiential knowledge and using their creativity to create the multimedia content.<\/p>\n<p><a href=\"https:\/\/spvm.qc.ca\/en\" target=\"_blank\" rel=\"noopener\">Montreal Police Department<\/a><\/p>\n\t<p><a href=\"https:\/\/danslarue.org\/en\/\" target=\"_blank\" rel=\"noopener\">Dans la rue<\/a><\/p>\n<p><a href=\"http:\/\/www.enmarge1217.ca\/\" target=\"_blank\" rel=\"noopener\">En Marge 12-17<\/a><\/p>\n<p><a href=\"https:\/\/www.missingchildrensnetwork.ngo\/\" target=\"_blank\" rel=\"noopener\">Missing Children&#8217;s Network<\/a> for the &#8220;Parents&#8221; section<\/p>\n<p><a href=\"https:\/\/www.purecobalt.com\/\" target=\"_blank\" rel=\"noopener\">Pure Cobalt<\/a> for web design<\/p>\n<p><a href=\"http:\/\/kngfu.com\/#!\/en\/home\/1\" target=\"_blank\" rel=\"noopener\">Studio Kngfu<\/a> for the interactive experience<\/p>\n<p><a href=\"http:\/\/cest-a-dire.com\/en\/\" target=\"_blank\" rel=\"noopener\">C&#8217;est-\u00e0-dire<\/a> for French editing and English translation of the texts<\/p>\n<h2>\n\t\tFunding\n\t<\/h2>\n\t<p>The Youth Program Department at the CIUSSS du Centre-Sud-de-l&#8217;\u00cele-de-Montr\u00e9al received funding from the Ministry of Health and Social Services to revamp the visual design of youthrunaway.ca, as well as update its content and develop digital tools. This redesign project was carried out between 2021 and 2023.<\/p>\n\n","protected":false},"excerpt":{"rendered":"<p>2023 Update 2023 Overhaul The visual overhaul of the site, along with the updates to its content and the development of digital tools, were coordinated by the Fugues, Sexo and Toxico support structure of the Youth Program Department at the CIUSSS du Centre-Sud-de-l&#8217;\u00cele-de-Montr\u00e9al. These initiatives were strongly supported by the community liaison officer of En&hellip;<\/p>\n","protected":false},"author":3,"featured_media":0,"parent":0,"menu_order":0,"comment_status":"closed","ping_status":"closed","template":"","meta":{"inline_featured_image":false,"footnotes":""},"class_list":["post-385","page","type-page","status-publish","hentry"],"yoast_head":"<!-- This site is optimized with the Yoast SEO plugin v27.4 - https:\/\/yoast.com\/product\/yoast-seo-wordpress\/ -->\n<title>Our partners | Youth Runaway<\/title>\n<meta name=\"description\" content=\"Acknowledging of the Quebec organizations that partnered in the project &quot;Rejoindre les mineurs en fugue: une responsabilit\u00e9 commune en protection de l\u2019enfance&quot;\" \/>\n<meta name=\"robots\" content=\"index, follow, max-snippet:-1, max-image-preview:large, max-video-preview:-1\" \/>\n<link rel=\"canonical\" href=\"https:\/\/jeunesenfugue.ca\/en\/a-propos\/la-mise-a-jour-2023\/\" \/>\n<meta property=\"og:locale\" content=\"en_US\" \/>\n<meta property=\"og:type\" content=\"article\" \/>\n<meta property=\"og:title\" content=\"Our partners | Youth Runaway\" \/>\n<meta property=\"og:description\" content=\"Acknowledging of the Quebec organizations that partnered in the project &quot;Rejoindre les mineurs en fugue: une responsabilit\u00e9 commune en protection de l\u2019enfance&quot;\" \/>\n<meta property=\"og:url\" content=\"https:\/\/jeunesenfugue.ca\/en\/a-propos\/la-mise-a-jour-2023\/\" \/>\n<meta property=\"og:site_name\" content=\"Jeunes en fugue\" \/>\n<meta property=\"article:modified_time\" content=\"2024-10-24T15:12:48+00:00\" \/>\n<meta property=\"og:image\" content=\"https:\/\/jeunesenfugue.ca\/wp-content\/uploads\/2022\/11\/Jeunes-Tu-penses-fuguer.svg\" \/>\n<meta name=\"twitter:card\" content=\"summary_large_image\" \/>\n<meta name=\"twitter:label1\" content=\"Est. reading time\" \/>\n\t<meta name=\"twitter:data1\" content=\"3 minutes\" \/>\n<script type=\"application\/ld+json\" class=\"yoast-schema-graph\">{\"@context\":\"https:\\\/\\\/schema.org\",\"@graph\":[{\"@type\":\"WebPage\",\"@id\":\"https:\\\/\\\/jeunesenfugue.ca\\\/en\\\/a-propos\\\/la-mise-a-jour-2023\\\/\",\"url\":\"https:\\\/\\\/jeunesenfugue.ca\\\/en\\\/a-propos\\\/la-mise-a-jour-2023\\\/\",\"name\":\"Our partners | Youth Runaway\",\"isPartOf\":{\"@id\":\"https:\\\/\\\/jeunesenfugue.ca\\\/en\\\/#website\"},\"primaryImageOfPage\":{\"@id\":\"https:\\\/\\\/jeunesenfugue.ca\\\/en\\\/a-propos\\\/la-mise-a-jour-2023\\\/#primaryimage\"},\"image\":{\"@id\":\"https:\\\/\\\/jeunesenfugue.ca\\\/en\\\/a-propos\\\/la-mise-a-jour-2023\\\/#primaryimage\"},\"thumbnailUrl\":\"https:\\\/\\\/jeunesenfugue.ca\\\/wp-content\\\/uploads\\\/2022\\\/11\\\/Jeunes-Tu-penses-fuguer.svg\",\"datePublished\":\"2022-12-13T19:46:32+00:00\",\"dateModified\":\"2024-10-24T15:12:48+00:00\",\"description\":\"Acknowledging of the Quebec organizations that partnered in the project \\\"Rejoindre les mineurs en fugue: une responsabilit\u00e9 commune en protection de l\u2019enfance\\\"\",\"breadcrumb\":{\"@id\":\"https:\\\/\\\/jeunesenfugue.ca\\\/en\\\/a-propos\\\/la-mise-a-jour-2023\\\/#breadcrumb\"},\"inLanguage\":\"en-US\",\"potentialAction\":[{\"@type\":\"ReadAction\",\"target\":[\"https:\\\/\\\/jeunesenfugue.ca\\\/en\\\/a-propos\\\/la-mise-a-jour-2023\\\/\"]}]},{\"@type\":\"ImageObject\",\"inLanguage\":\"en-US\",\"@id\":\"https:\\\/\\\/jeunesenfugue.ca\\\/en\\\/a-propos\\\/la-mise-a-jour-2023\\\/#primaryimage\",\"url\":\"https:\\\/\\\/jeunesenfugue.ca\\\/wp-content\\\/uploads\\\/2022\\\/11\\\/Jeunes-Tu-penses-fuguer.svg\",\"contentUrl\":\"https:\\\/\\\/jeunesenfugue.ca\\\/wp-content\\\/uploads\\\/2022\\\/11\\\/Jeunes-Tu-penses-fuguer.svg\"},{\"@type\":\"BreadcrumbList\",\"@id\":\"https:\\\/\\\/jeunesenfugue.ca\\\/en\\\/a-propos\\\/la-mise-a-jour-2023\\\/#breadcrumb\",\"itemListElement\":[{\"@type\":\"ListItem\",\"position\":1,\"name\":\"Home\",\"item\":\"https:\\\/\\\/jeunesenfugue.ca\\\/en\\\/\"},{\"@type\":\"ListItem\",\"position\":2,\"name\":\"Our partners &#8211; 2023 update\"}]},{\"@type\":\"WebSite\",\"@id\":\"https:\\\/\\\/jeunesenfugue.ca\\\/en\\\/#website\",\"url\":\"https:\\\/\\\/jeunesenfugue.ca\\\/en\\\/\",\"name\":\"Jeunes en fugue\",\"description\":\"Jeunes en fugue\",\"publisher\":{\"@id\":\"https:\\\/\\\/jeunesenfugue.ca\\\/en\\\/#organization\"},\"potentialAction\":[{\"@type\":\"SearchAction\",\"target\":{\"@type\":\"EntryPoint\",\"urlTemplate\":\"https:\\\/\\\/jeunesenfugue.ca\\\/en\\\/?s={search_term_string}\"},\"query-input\":{\"@type\":\"PropertyValueSpecification\",\"valueRequired\":true,\"valueName\":\"search_term_string\"}}],\"inLanguage\":\"en-US\"},{\"@type\":\"Organization\",\"@id\":\"https:\\\/\\\/jeunesenfugue.ca\\\/en\\\/#organization\",\"name\":\"Jeunes en fugue\",\"url\":\"https:\\\/\\\/jeunesenfugue.ca\\\/en\\\/\",\"logo\":{\"@type\":\"ImageObject\",\"inLanguage\":\"en-US\",\"@id\":\"https:\\\/\\\/jeunesenfugue.ca\\\/en\\\/#\\\/schema\\\/logo\\\/image\\\/\",\"url\":\"https:\\\/\\\/jeunesenfugue.ca\\\/wp-content\\\/uploads\\\/2022\\\/12\\\/Jeunes-en-fugue-LOGO.png\",\"contentUrl\":\"https:\\\/\\\/jeunesenfugue.ca\\\/wp-content\\\/uploads\\\/2022\\\/12\\\/Jeunes-en-fugue-LOGO.png\",\"width\":262,\"height\":100,\"caption\":\"Jeunes en fugue\"},\"image\":{\"@id\":\"https:\\\/\\\/jeunesenfugue.ca\\\/en\\\/#\\\/schema\\\/logo\\\/image\\\/\"}}]}<\/script>\n<!-- \/ Yoast SEO plugin. -->","yoast_head_json":{"title":"Our partners | Youth Runaway","description":"Acknowledging of the Quebec organizations that partnered in the project \"Rejoindre les mineurs en fugue: une responsabilit\u00e9 commune en protection de l\u2019enfance\"","robots":{"index":"index","follow":"follow","max-snippet":"max-snippet:-1","max-image-preview":"max-image-preview:large","max-video-preview":"max-video-preview:-1"},"canonical":"https:\/\/jeunesenfugue.ca\/en\/a-propos\/la-mise-a-jour-2023\/","og_locale":"en_US","og_type":"article","og_title":"Our partners | Youth Runaway","og_description":"Acknowledging of the Quebec organizations that partnered in the project \"Rejoindre les mineurs en fugue: une responsabilit\u00e9 commune en protection de l\u2019enfance\"","og_url":"https:\/\/jeunesenfugue.ca\/en\/a-propos\/la-mise-a-jour-2023\/","og_site_name":"Jeunes en fugue","article_modified_time":"2024-10-24T15:12:48+00:00","og_image":[{"url":"https:\/\/jeunesenfugue.ca\/wp-content\/uploads\/2022\/11\/Jeunes-Tu-penses-fuguer.svg","type":"","width":"","height":""}],"twitter_card":"summary_large_image","twitter_misc":{"Est. reading time":"3 minutes"},"schema":{"@context":"https:\/\/schema.org","@graph":[{"@type":"WebPage","@id":"https:\/\/jeunesenfugue.ca\/en\/a-propos\/la-mise-a-jour-2023\/","url":"https:\/\/jeunesenfugue.ca\/en\/a-propos\/la-mise-a-jour-2023\/","name":"Our partners | Youth Runaway","isPartOf":{"@id":"https:\/\/jeunesenfugue.ca\/en\/#website"},"primaryImageOfPage":{"@id":"https:\/\/jeunesenfugue.ca\/en\/a-propos\/la-mise-a-jour-2023\/#primaryimage"},"image":{"@id":"https:\/\/jeunesenfugue.ca\/en\/a-propos\/la-mise-a-jour-2023\/#primaryimage"},"thumbnailUrl":"https:\/\/jeunesenfugue.ca\/wp-content\/uploads\/2022\/11\/Jeunes-Tu-penses-fuguer.svg","datePublished":"2022-12-13T19:46:32+00:00","dateModified":"2024-10-24T15:12:48+00:00","description":"Acknowledging of the Quebec organizations that partnered in the project \"Rejoindre les mineurs en fugue: une responsabilit\u00e9 commune en protection de l\u2019enfance\"","breadcrumb":{"@id":"https:\/\/jeunesenfugue.ca\/en\/a-propos\/la-mise-a-jour-2023\/#breadcrumb"},"inLanguage":"en-US","potentialAction":[{"@type":"ReadAction","target":["https:\/\/jeunesenfugue.ca\/en\/a-propos\/la-mise-a-jour-2023\/"]}]},{"@type":"ImageObject","inLanguage":"en-US","@id":"https:\/\/jeunesenfugue.ca\/en\/a-propos\/la-mise-a-jour-2023\/#primaryimage","url":"https:\/\/jeunesenfugue.ca\/wp-content\/uploads\/2022\/11\/Jeunes-Tu-penses-fuguer.svg","contentUrl":"https:\/\/jeunesenfugue.ca\/wp-content\/uploads\/2022\/11\/Jeunes-Tu-penses-fuguer.svg"},{"@type":"BreadcrumbList","@id":"https:\/\/jeunesenfugue.ca\/en\/a-propos\/la-mise-a-jour-2023\/#breadcrumb","itemListElement":[{"@type":"ListItem","position":1,"name":"Home","item":"https:\/\/jeunesenfugue.ca\/en\/"},{"@type":"ListItem","position":2,"name":"Our partners &#8211; 2023 update"}]},{"@type":"WebSite","@id":"https:\/\/jeunesenfugue.ca\/en\/#website","url":"https:\/\/jeunesenfugue.ca\/en\/","name":"Jeunes en fugue","description":"Jeunes en fugue","publisher":{"@id":"https:\/\/jeunesenfugue.ca\/en\/#organization"},"potentialAction":[{"@type":"SearchAction","target":{"@type":"EntryPoint","urlTemplate":"https:\/\/jeunesenfugue.ca\/en\/?s={search_term_string}"},"query-input":{"@type":"PropertyValueSpecification","valueRequired":true,"valueName":"search_term_string"}}],"inLanguage":"en-US"},{"@type":"Organization","@id":"https:\/\/jeunesenfugue.ca\/en\/#organization","name":"Jeunes en fugue","url":"https:\/\/jeunesenfugue.ca\/en\/","logo":{"@type":"ImageObject","inLanguage":"en-US","@id":"https:\/\/jeunesenfugue.ca\/en\/#\/schema\/logo\/image\/","url":"https:\/\/jeunesenfugue.ca\/wp-content\/uploads\/2022\/12\/Jeunes-en-fugue-LOGO.png","contentUrl":"https:\/\/jeunesenfugue.ca\/wp-content\/uploads\/2022\/12\/Jeunes-en-fugue-LOGO.png","width":262,"height":100,"caption":"Jeunes en fugue"},"image":{"@id":"https:\/\/jeunesenfugue.ca\/en\/#\/schema\/logo\/image\/"}}]}},"_links":{"self":[{"href":"https:\/\/jeunesenfugue.ca\/en\/wp-json\/wp\/v2\/pages\/385","targetHints":{"allow":["GET"]}}],"collection":[{"href":"https:\/\/jeunesenfugue.ca\/en\/wp-json\/wp\/v2\/pages"}],"about":[{"href":"https:\/\/jeunesenfugue.ca\/en\/wp-json\/wp\/v2\/types\/page"}],"author":[{"embeddable":true,"href":"https:\/\/jeunesenfugue.ca\/en\/wp-json\/wp\/v2\/users\/3"}],"replies":[{"embeddable":true,"href":"https:\/\/jeunesenfugue.ca\/en\/wp-json\/wp\/v2\/comments?post=385"}],"version-history":[{"count":0,"href":"https:\/\/jeunesenfugue.ca\/en\/wp-json\/wp\/v2\/pages\/385\/revisions"}],"wp:attachment":[{"href":"https:\/\/jeunesenfugue.ca\/en\/wp-json\/wp\/v2\/media?parent=385"}],"curies":[{"name":"wp","href":"https:\/\/api.w.org\/{rel}","templated":true}]}}