{"id":384,"date":"2022-11-09T22:05:21","date_gmt":"2022-11-09T22:05:21","guid":{"rendered":"https:\/\/jeunesenfugue.ca\/nos-partenaires-historique\/"},"modified":"2024-10-24T15:12:28","modified_gmt":"2024-10-24T15:12:28","slug":"a-propos-historique","status":"publish","type":"page","link":"https:\/\/jeunesenfugue.ca\/en\/a-propos\/historique\/","title":{"rendered":"About Us &#8211; History"},"content":{"rendered":"\n\n\t<h1>History<\/h1>\n<h2>\n\t\tProject Goals\n\t<\/h2>\n\t<p>The site youthrunaway.ca is the result of an action-research project launched by the organization Dans la rue in 2008. This project was entitled &#8220;Reaching out to runaway minors: A shared responsibility in child protection.&#8221;<\/p>\n\t<p>The project&#8217;s goals:<\/p>\n\t\t\t <p>Understand the experience of running away as seen by the various stakeholders.<\/p>\t\t\n\t\t\t <p>Mobilize these stakeholders based on their complementary roles.<\/p>\t\t\n\t\t\t <p>Document their intervention practices and develop new practices.<\/p>\t\t\n\t\t\t <p>Set up joint initiatives to better reach minors who run away.<\/p>\t\t\n\t<p>This project ended in 2011, and <a href=\"\/wp-content\/uploads\/2022\/12\/Rejoindre-Mineurs-Fugue-Rue-rapport_final.pdf\" target=\"_blank\" rel=\"noopener\">the final action-research report<\/a> was published in 2012.<\/p>\n\t\t\t\t<img loading=\"lazy\" decoding=\"async\" src=\"https:\/\/jeunesenfugue.ca\/wp-content\/uploads\/2022\/11\/Jeunes-Tu-penses-fuguer.svg\" alt=\"Tu penses fuguer\" itemprop=\"image\" height=\"0\" width=\"0\" title=\"Jeunes-Tu-penses-fuguer\" onerror=\"this.style.display='none'\"  \/>\n<h2>\n\t\tPartners\n\t<\/h2>\n\t<p>Our many original partners worked closely with us throughout the project&#8217;s three-year duration. We could not have achieved it without them:<\/p>\n\t<h4>Mauricie and Centre-du-Qu\u00e9bec<\/h4>\n<p><a href=\"https:\/\/ciusssmcq.ca\/english\/]\" target=\"_blank\" rel=\"noopener\">Centre jeunesse de la Mauricie et du Centre-du-Qu\u00e9bec &#8211; CIUSSS de la Mauricie-et-du-Centre-du-Qu\u00e9bec<\/a><\/p>\n<p><a href=\"https:\/\/pointderue.com\/presentation-organisme\/\" target=\"_blank\" rel=\"noopener\">Point de rue<\/a><\/p>\n<p><a href=\"https:\/\/www.lapiaule.ca\/\" target=\"_blank\" rel=\"noopener\">La Piaule<\/a><\/p>\n<p><a href=\"https:\/\/www.v3r.net\/services-a-la-population\/securite-du-public\" target=\"_blank\" rel=\"noopener\">Public Safety Department, City of Trois-Rivi\u00e8res<\/a><\/p>\n<p><a href=\"https:\/\/www.drummondville.ca\/citoyens\/urgences-et-securite-publique\/surete-du-quebec\/\" target=\"_blank\" rel=\"noopener\">S\u00fbret\u00e9 du Qu\u00e9bec (MRC of Drummondville)<\/a><\/p>\n\t<h4>Montreal<\/h4>\n<p><a href=\"https:\/\/ciusss-centresudmtl.gouv.qc.ca\/\" target=\"_blank\" rel=\"noopener\">Centre jeunesse de Montr\u00e9al &#8211; CIUSSS du Centre-Sud-de-l&#8217;\u00cele-de-Montr\u00e9al <\/a><\/p>\n<p><a href=\"http:\/\/www.batshaw.qc.ca\/\" target=\"_blank\" rel=\"noopener\">CIUSSS Ouest-de-l&#8217;\u00eele-de-Montr\u00e9al &#8211; installation Batshaw Youth and Familiy Centres of the Youth Program Department<\/a><\/p>\n<p><a href=\"https:\/\/danslarue.org\/en\" target=\"_blank\" rel=\"noopener\">Dans la rue<\/a><\/p>\n<p><a href=\"http:\/\/www.enmarge1217.ca\/\" target=\"_blank\" rel=\"noopener\">En Marge 12-17<\/a><\/p>\n<p><a href=\"https:\/\/spvm.qc.ca\/en\" target=\"_blank\" rel=\"noopener\">Montreal Police Department <\/a><\/p>\n\t<h4>Quebec City<\/h4>\n<p><a href=\"https:\/\/www.ciusss-capitalenationale.gouv.qc.ca\/en\" target=\"_blank\" rel=\"noopener\">Centre jeunesse de Qu\u00e9bec &#8211; CIUSSS de la Capitale-Nationale<\/a><\/p>\n<p><a href=\"https:\/\/ladauphine.org\/\" target=\"_blank\" rel=\"noopener\">La Dauphine<\/a><\/p>\n<p><a href=\"https:\/\/www.ville.quebec.qc.ca\/citoyens\/police\/index.aspx\" target=\"_blank\" rel=\"noopener\">Quebec City Police Department <\/a><\/p>\n<p><a href=\"http:\/\/squatbv.com\/\" target=\"_blank\" rel=\"noopener\">SQUAT Basse-Ville<\/a><\/p>\n<h2>\n\t\tFunding\n\t<\/h2>\n\t<p>This project was initially funded as part of the Government of Canada&#8217;s National Crime Prevention Strategy, in collaboration with Quebec&#8217;s Ministry of Public Safety.<\/p>\n\n","protected":false},"excerpt":{"rendered":"<p>History Project Goals The site youthrunaway.ca is the result of an action-research project launched by the organization Dans la rue in 2008. This project was entitled &#8220;Reaching out to runaway minors: A shared responsibility in child protection.&#8221; The project&#8217;s goals: Understand the experience of running away as seen by the various stakeholders. Mobilize these stakeholders&hellip;<\/p>\n","protected":false},"author":3,"featured_media":0,"parent":0,"menu_order":0,"comment_status":"closed","ping_status":"closed","template":"","meta":{"inline_featured_image":false,"footnotes":""},"class_list":["post-384","page","type-page","status-publish","hentry"],"yoast_head":"<!-- This site is optimized with the Yoast SEO plugin v27.4 - https:\/\/yoast.com\/product\/yoast-seo-wordpress\/ -->\n<title>Our stories | Youth Runaway<\/title>\n<meta name=\"description\" content=\"Discover our short videos and testimonials from key stakeholders and young people in a runaway situation.\" \/>\n<meta name=\"robots\" content=\"index, follow, max-snippet:-1, max-image-preview:large, max-video-preview:-1\" \/>\n<link rel=\"canonical\" href=\"https:\/\/jeunesenfugue.ca\/en\/a-propos\/historique\/\" \/>\n<meta property=\"og:locale\" content=\"en_US\" \/>\n<meta property=\"og:type\" content=\"article\" \/>\n<meta property=\"og:title\" content=\"Our stories | Youth Runaway\" \/>\n<meta property=\"og:description\" content=\"Discover our short videos and testimonials from key stakeholders and young people in a runaway situation.\" \/>\n<meta property=\"og:url\" content=\"https:\/\/jeunesenfugue.ca\/en\/a-propos\/historique\/\" \/>\n<meta property=\"og:site_name\" content=\"Jeunes en fugue\" \/>\n<meta property=\"article:modified_time\" content=\"2024-10-24T15:12:28+00:00\" \/>\n<meta property=\"og:image\" content=\"https:\/\/jeunesenfugue.ca\/wp-content\/uploads\/2022\/11\/Jeunes-Tu-penses-fuguer.svg\" \/>\n<meta name=\"twitter:card\" content=\"summary_large_image\" \/>\n<meta name=\"twitter:label1\" content=\"Est. reading time\" \/>\n\t<meta name=\"twitter:data1\" content=\"2 minutes\" \/>\n<script type=\"application\/ld+json\" class=\"yoast-schema-graph\">{\"@context\":\"https:\\\/\\\/schema.org\",\"@graph\":[{\"@type\":\"WebPage\",\"@id\":\"https:\\\/\\\/jeunesenfugue.ca\\\/en\\\/a-propos\\\/historique\\\/\",\"url\":\"https:\\\/\\\/jeunesenfugue.ca\\\/en\\\/a-propos\\\/historique\\\/\",\"name\":\"Our stories | Youth Runaway\",\"isPartOf\":{\"@id\":\"https:\\\/\\\/jeunesenfugue.ca\\\/en\\\/#website\"},\"primaryImageOfPage\":{\"@id\":\"https:\\\/\\\/jeunesenfugue.ca\\\/en\\\/a-propos\\\/historique\\\/#primaryimage\"},\"image\":{\"@id\":\"https:\\\/\\\/jeunesenfugue.ca\\\/en\\\/a-propos\\\/historique\\\/#primaryimage\"},\"thumbnailUrl\":\"https:\\\/\\\/jeunesenfugue.ca\\\/wp-content\\\/uploads\\\/2022\\\/11\\\/Jeunes-Tu-penses-fuguer.svg\",\"datePublished\":\"2022-11-09T22:05:21+00:00\",\"dateModified\":\"2024-10-24T15:12:28+00:00\",\"description\":\"Discover our short videos and testimonials from key stakeholders and young people in a runaway situation.\",\"breadcrumb\":{\"@id\":\"https:\\\/\\\/jeunesenfugue.ca\\\/en\\\/a-propos\\\/historique\\\/#breadcrumb\"},\"inLanguage\":\"en-US\",\"potentialAction\":[{\"@type\":\"ReadAction\",\"target\":[\"https:\\\/\\\/jeunesenfugue.ca\\\/en\\\/a-propos\\\/historique\\\/\"]}]},{\"@type\":\"ImageObject\",\"inLanguage\":\"en-US\",\"@id\":\"https:\\\/\\\/jeunesenfugue.ca\\\/en\\\/a-propos\\\/historique\\\/#primaryimage\",\"url\":\"https:\\\/\\\/jeunesenfugue.ca\\\/wp-content\\\/uploads\\\/2022\\\/11\\\/Jeunes-Tu-penses-fuguer.svg\",\"contentUrl\":\"https:\\\/\\\/jeunesenfugue.ca\\\/wp-content\\\/uploads\\\/2022\\\/11\\\/Jeunes-Tu-penses-fuguer.svg\"},{\"@type\":\"BreadcrumbList\",\"@id\":\"https:\\\/\\\/jeunesenfugue.ca\\\/en\\\/a-propos\\\/historique\\\/#breadcrumb\",\"itemListElement\":[{\"@type\":\"ListItem\",\"position\":1,\"name\":\"Home\",\"item\":\"https:\\\/\\\/jeunesenfugue.ca\\\/en\\\/\"},{\"@type\":\"ListItem\",\"position\":2,\"name\":\"About Us &#8211; History\"}]},{\"@type\":\"WebSite\",\"@id\":\"https:\\\/\\\/jeunesenfugue.ca\\\/en\\\/#website\",\"url\":\"https:\\\/\\\/jeunesenfugue.ca\\\/en\\\/\",\"name\":\"Jeunes en fugue\",\"description\":\"Jeunes en fugue\",\"publisher\":{\"@id\":\"https:\\\/\\\/jeunesenfugue.ca\\\/en\\\/#organization\"},\"potentialAction\":[{\"@type\":\"SearchAction\",\"target\":{\"@type\":\"EntryPoint\",\"urlTemplate\":\"https:\\\/\\\/jeunesenfugue.ca\\\/en\\\/?s={search_term_string}\"},\"query-input\":{\"@type\":\"PropertyValueSpecification\",\"valueRequired\":true,\"valueName\":\"search_term_string\"}}],\"inLanguage\":\"en-US\"},{\"@type\":\"Organization\",\"@id\":\"https:\\\/\\\/jeunesenfugue.ca\\\/en\\\/#organization\",\"name\":\"Jeunes en fugue\",\"url\":\"https:\\\/\\\/jeunesenfugue.ca\\\/en\\\/\",\"logo\":{\"@type\":\"ImageObject\",\"inLanguage\":\"en-US\",\"@id\":\"https:\\\/\\\/jeunesenfugue.ca\\\/en\\\/#\\\/schema\\\/logo\\\/image\\\/\",\"url\":\"https:\\\/\\\/jeunesenfugue.ca\\\/wp-content\\\/uploads\\\/2022\\\/12\\\/Jeunes-en-fugue-LOGO.png\",\"contentUrl\":\"https:\\\/\\\/jeunesenfugue.ca\\\/wp-content\\\/uploads\\\/2022\\\/12\\\/Jeunes-en-fugue-LOGO.png\",\"width\":262,\"height\":100,\"caption\":\"Jeunes en fugue\"},\"image\":{\"@id\":\"https:\\\/\\\/jeunesenfugue.ca\\\/en\\\/#\\\/schema\\\/logo\\\/image\\\/\"}}]}<\/script>\n<!-- \/ Yoast SEO plugin. -->","yoast_head_json":{"title":"Our stories | Youth Runaway","description":"Discover our short videos and testimonials from key stakeholders and young people in a runaway situation.","robots":{"index":"index","follow":"follow","max-snippet":"max-snippet:-1","max-image-preview":"max-image-preview:large","max-video-preview":"max-video-preview:-1"},"canonical":"https:\/\/jeunesenfugue.ca\/en\/a-propos\/historique\/","og_locale":"en_US","og_type":"article","og_title":"Our stories | Youth Runaway","og_description":"Discover our short videos and testimonials from key stakeholders and young people in a runaway situation.","og_url":"https:\/\/jeunesenfugue.ca\/en\/a-propos\/historique\/","og_site_name":"Jeunes en fugue","article_modified_time":"2024-10-24T15:12:28+00:00","og_image":[{"url":"https:\/\/jeunesenfugue.ca\/wp-content\/uploads\/2022\/11\/Jeunes-Tu-penses-fuguer.svg","type":"","width":"","height":""}],"twitter_card":"summary_large_image","twitter_misc":{"Est. reading time":"2 minutes"},"schema":{"@context":"https:\/\/schema.org","@graph":[{"@type":"WebPage","@id":"https:\/\/jeunesenfugue.ca\/en\/a-propos\/historique\/","url":"https:\/\/jeunesenfugue.ca\/en\/a-propos\/historique\/","name":"Our stories | Youth Runaway","isPartOf":{"@id":"https:\/\/jeunesenfugue.ca\/en\/#website"},"primaryImageOfPage":{"@id":"https:\/\/jeunesenfugue.ca\/en\/a-propos\/historique\/#primaryimage"},"image":{"@id":"https:\/\/jeunesenfugue.ca\/en\/a-propos\/historique\/#primaryimage"},"thumbnailUrl":"https:\/\/jeunesenfugue.ca\/wp-content\/uploads\/2022\/11\/Jeunes-Tu-penses-fuguer.svg","datePublished":"2022-11-09T22:05:21+00:00","dateModified":"2024-10-24T15:12:28+00:00","description":"Discover our short videos and testimonials from key stakeholders and young people in a runaway situation.","breadcrumb":{"@id":"https:\/\/jeunesenfugue.ca\/en\/a-propos\/historique\/#breadcrumb"},"inLanguage":"en-US","potentialAction":[{"@type":"ReadAction","target":["https:\/\/jeunesenfugue.ca\/en\/a-propos\/historique\/"]}]},{"@type":"ImageObject","inLanguage":"en-US","@id":"https:\/\/jeunesenfugue.ca\/en\/a-propos\/historique\/#primaryimage","url":"https:\/\/jeunesenfugue.ca\/wp-content\/uploads\/2022\/11\/Jeunes-Tu-penses-fuguer.svg","contentUrl":"https:\/\/jeunesenfugue.ca\/wp-content\/uploads\/2022\/11\/Jeunes-Tu-penses-fuguer.svg"},{"@type":"BreadcrumbList","@id":"https:\/\/jeunesenfugue.ca\/en\/a-propos\/historique\/#breadcrumb","itemListElement":[{"@type":"ListItem","position":1,"name":"Home","item":"https:\/\/jeunesenfugue.ca\/en\/"},{"@type":"ListItem","position":2,"name":"About Us &#8211; History"}]},{"@type":"WebSite","@id":"https:\/\/jeunesenfugue.ca\/en\/#website","url":"https:\/\/jeunesenfugue.ca\/en\/","name":"Jeunes en fugue","description":"Jeunes en fugue","publisher":{"@id":"https:\/\/jeunesenfugue.ca\/en\/#organization"},"potentialAction":[{"@type":"SearchAction","target":{"@type":"EntryPoint","urlTemplate":"https:\/\/jeunesenfugue.ca\/en\/?s={search_term_string}"},"query-input":{"@type":"PropertyValueSpecification","valueRequired":true,"valueName":"search_term_string"}}],"inLanguage":"en-US"},{"@type":"Organization","@id":"https:\/\/jeunesenfugue.ca\/en\/#organization","name":"Jeunes en fugue","url":"https:\/\/jeunesenfugue.ca\/en\/","logo":{"@type":"ImageObject","inLanguage":"en-US","@id":"https:\/\/jeunesenfugue.ca\/en\/#\/schema\/logo\/image\/","url":"https:\/\/jeunesenfugue.ca\/wp-content\/uploads\/2022\/12\/Jeunes-en-fugue-LOGO.png","contentUrl":"https:\/\/jeunesenfugue.ca\/wp-content\/uploads\/2022\/12\/Jeunes-en-fugue-LOGO.png","width":262,"height":100,"caption":"Jeunes en fugue"},"image":{"@id":"https:\/\/jeunesenfugue.ca\/en\/#\/schema\/logo\/image\/"}}]}},"_links":{"self":[{"href":"https:\/\/jeunesenfugue.ca\/en\/wp-json\/wp\/v2\/pages\/384","targetHints":{"allow":["GET"]}}],"collection":[{"href":"https:\/\/jeunesenfugue.ca\/en\/wp-json\/wp\/v2\/pages"}],"about":[{"href":"https:\/\/jeunesenfugue.ca\/en\/wp-json\/wp\/v2\/types\/page"}],"author":[{"embeddable":true,"href":"https:\/\/jeunesenfugue.ca\/en\/wp-json\/wp\/v2\/users\/3"}],"replies":[{"embeddable":true,"href":"https:\/\/jeunesenfugue.ca\/en\/wp-json\/wp\/v2\/comments?post=384"}],"version-history":[{"count":0,"href":"https:\/\/jeunesenfugue.ca\/en\/wp-json\/wp\/v2\/pages\/384\/revisions"}],"wp:attachment":[{"href":"https:\/\/jeunesenfugue.ca\/en\/wp-json\/wp\/v2\/media?parent=384"}],"curies":[{"name":"wp","href":"https:\/\/api.w.org\/{rel}","templated":true}]}}