{"id":382,"date":"2022-11-09T22:01:45","date_gmt":"2022-11-09T22:01:45","guid":{"rendered":"https:\/\/jeunesenfugue.ca\/intervenants-boit-a-outils\/"},"modified":"2024-10-24T15:04:41","modified_gmt":"2024-10-24T15:04:41","slug":"boite-a-outils-2","status":"publish","type":"page","link":"https:\/\/jeunesenfugue.ca\/en\/intervenants\/boite-a-outils\/","title":{"rendered":"Intervenants \u2013 Toolbox"},"content":{"rendered":"\n\n\t<h1>Toolbox<\/h1>\n\t\t\t <p><strong>To help you better prepare to deal with a runaway:<\/strong><\/p>\n<ul>\n<li>See the <a href=\"https:\/\/publications.msss.gouv.qc.ca\/msss\/fichiers\/2013\/13-839-05W.pdf\" target=\"_blank\" rel=\"noopener\">&#8220;Guide sur les pratiques relatives au traitement des fugues des jeunes h\u00e9berg\u00e9s dans les unit\u00e9s de vie et les foyers de groupe de centres jeunesse&#8221;<\/a> (MSSS, 2014).<\/li>\n<\/ul>\n\t\t\t <p><strong>To improve your understanding of the phenomenon of running away:<\/strong><\/p>\n<ul>\n<li>Take the training at <a href=\"https:\/\/www.enmarge1217.ca\/formations\/\" target=\"_blank\" rel=\"noopener\">Les r\u00e9alit\u00e9s de la fugue et de la transition \u00e0 la vie adulte<\/a> provided by the organization En Marge 12-17<\/li>\n<\/ul>\n\t\t\t <p><strong> The following booklet provides resources for parents of runaway youth:<\/strong><\/p><ul><li>Read the guide <a href=\"https:\/\/jeunesenfugue.ca\/wp-content\/uploads\/2024\/10\/SPVM_Guide_Revenir_pour_rester-EN.pdf\" target=\"_blank\" rel=\"noopener\">Coming Back to Stay<\/a><\/li><\/ul>\t\t\n\t\t\t <p><strong>To explain the involvement of the Director of Youth Protection (DYP) and rehabilitation centres:<\/strong><\/p>\n<ul>\n<li>See the <a href=\"https:\/\/cucjm.ca\/guide-fiche-dinformation\/\" target=\"_blank\" rel=\"noopener\">documents<\/a> (in French) prepared by the committee of users at the Montreal youth protection centre.<\/li>\n<\/ul>\n\t\t\t\t<img loading=\"lazy\" decoding=\"async\" src=\"https:\/\/jeunesenfugue.ca\/wp-content\/uploads\/2022\/11\/Intervenants-Boites-a-outils.svg\" alt=\"Intervenants - Boites a outils\" itemprop=\"image\" height=\"0\" width=\"0\" title=\"Intervenants-Boites-a-outils\" onerror=\"this.style.display='none'\"  \/>\n<h2>\n\t\tPodcast &#8211; Retrouve-moi o\u00f9 je m&#8217;\u00e9gare\n\t<\/h2>\n\tTo hear youth, parents and caregivers talk about running away, listen to <em>Retrouve-moi o\u00f9 je m&#8217;\u00e9gare<\/em>.<br \/>\nYou can listen to the podcasts for free below or on the <a href=\"https:\/\/open.spotify.com\/show\/2EFadgSdMkMZTTiq0QFxRJ\" target=\"_blank\" rel=\"noopener\">Spotify<\/a> platform (available only in French).\n<p>Play podcast <a href=\"https:\/\/jeunesenfugue.ca\/wp-content\/uploads\/2023\/10\/bande-annonce_balado.mp3\" target=\"_blank\" rel=\"noopener\">preview <\/a>(<em>in French<\/em>).<\/p>\n<h4>\n\t\tEpisode 1\n\t<\/h4>\n\t\t\t\t<img loading=\"lazy\" decoding=\"async\" src=\"https:\/\/jeunesenfugue.ca\/wp-content\/uploads\/2023\/10\/Episode1.jpg\" alt=\"Episode1\" itemprop=\"image\" height=\"600\" width=\"600\" title=\"Episode1\" onerror=\"this.style.display='none'\"  \/>\n\t\t<meta itemprop=\"url\" content=\"https:\/\/jeunesenfugue.ca\/wp-content\/uploads\/2023\/10\/Episode-1.mp3\" \/><audio class=\"wp-audio-shortcode\" id=\"audio-382-1\" preload=\"none\" style=\"width: 100%;\" controls=\"controls\"><source type=\"audio\/mpeg\" src=\"https:\/\/jeunesenfugue.ca\/wp-content\/uploads\/2023\/10\/Episode-1.mp3?_=1\" \/><a href=\"https:\/\/jeunesenfugue.ca\/wp-content\/uploads\/2023\/10\/Episode-1.mp3\">https:\/\/jeunesenfugue.ca\/wp-content\/uploads\/2023\/10\/Episode-1.mp3<\/a><\/audio>\n\t<h4>\n\t\tEpisode 2\n\t<\/h4>\n\t\t\t\t<img loading=\"lazy\" decoding=\"async\" src=\"https:\/\/jeunesenfugue.ca\/wp-content\/uploads\/2023\/10\/Episode2.jpg\" alt=\"Episode2\" itemprop=\"image\" height=\"600\" width=\"600\" title=\"Episode2\" onerror=\"this.style.display='none'\"  \/>\n\t\t<meta itemprop=\"url\" content=\"https:\/\/jeunesenfugue.ca\/wp-content\/uploads\/2023\/10\/Episode-2.mp3\" \/><audio class=\"wp-audio-shortcode\" id=\"audio-382-2\" preload=\"none\" style=\"width: 100%;\" controls=\"controls\"><source type=\"audio\/mpeg\" src=\"https:\/\/jeunesenfugue.ca\/wp-content\/uploads\/2023\/10\/Episode-2.mp3?_=2\" \/><a href=\"https:\/\/jeunesenfugue.ca\/wp-content\/uploads\/2023\/10\/Episode-2.mp3\">https:\/\/jeunesenfugue.ca\/wp-content\/uploads\/2023\/10\/Episode-2.mp3<\/a><\/audio>\n\t<h4>\n\t\tEpisode 3\n\t<\/h4>\n\t\t\t\t<img loading=\"lazy\" decoding=\"async\" src=\"https:\/\/jeunesenfugue.ca\/wp-content\/uploads\/2023\/10\/Episode3.jpg\" alt=\"Episode3\" itemprop=\"image\" height=\"600\" width=\"600\" title=\"Episode3\" onerror=\"this.style.display='none'\"  \/>\n\t\t<meta itemprop=\"url\" content=\"https:\/\/jeunesenfugue.ca\/wp-content\/uploads\/2023\/10\/Episode-3.mp3\" \/><audio class=\"wp-audio-shortcode\" id=\"audio-382-3\" preload=\"none\" style=\"width: 100%;\" controls=\"controls\"><source type=\"audio\/mpeg\" src=\"https:\/\/jeunesenfugue.ca\/wp-content\/uploads\/2023\/10\/Episode-3.mp3?_=3\" \/><a href=\"https:\/\/jeunesenfugue.ca\/wp-content\/uploads\/2023\/10\/Episode-3.mp3\">https:\/\/jeunesenfugue.ca\/wp-content\/uploads\/2023\/10\/Episode-3.mp3<\/a><\/audio>\n\t\n","protected":false},"excerpt":{"rendered":"<p>Toolbox To help you better prepare to deal with a runaway: See the &#8220;Guide sur les pratiques relatives au traitement des fugues des jeunes h\u00e9berg\u00e9s dans les unit\u00e9s de vie et les foyers de groupe de centres jeunesse&#8221; (MSSS, 2014). To improve your understanding of the phenomenon of running away: Take the training at Les&hellip;<\/p>\n","protected":false},"author":3,"featured_media":0,"parent":0,"menu_order":0,"comment_status":"closed","ping_status":"closed","template":"","meta":{"inline_featured_image":false,"footnotes":""},"class_list":["post-382","page","type-page","status-publish","hentry"],"yoast_head":"<!-- This site is optimized with the Yoast SEO plugin v27.3 - https:\/\/yoast.com\/product\/yoast-seo-wordpress\/ -->\n<title>Youth workers: Toolbox | Youth Runaway<\/title>\n<meta name=\"description\" content=\"Do you work with young people who may run away or are in a runaway situation? Find the resources you need in our Toolbox.\" \/>\n<meta name=\"robots\" content=\"index, follow, max-snippet:-1, max-image-preview:large, max-video-preview:-1\" \/>\n<link rel=\"canonical\" href=\"https:\/\/jeunesenfugue.ca\/en\/intervenants\/boite-a-outils\/\" \/>\n<meta property=\"og:locale\" content=\"en_US\" \/>\n<meta property=\"og:type\" content=\"article\" \/>\n<meta property=\"og:title\" content=\"Youth workers: Toolbox | Youth Runaway\" \/>\n<meta property=\"og:description\" content=\"Do you work with young people who may run away or are in a runaway situation? Find the resources you need in our Toolbox.\" \/>\n<meta property=\"og:url\" content=\"https:\/\/jeunesenfugue.ca\/en\/intervenants\/boite-a-outils\/\" \/>\n<meta property=\"og:site_name\" content=\"Jeunes en fugue\" \/>\n<meta property=\"article:modified_time\" content=\"2024-10-24T15:04:41+00:00\" \/>\n<meta property=\"og:image\" content=\"https:\/\/jeunesenfugue.ca\/wp-content\/uploads\/2022\/11\/Intervenants-Boites-a-outils.svg\" \/>\n<meta name=\"twitter:card\" content=\"summary_large_image\" \/>\n<meta name=\"twitter:label1\" content=\"Est. reading time\" \/>\n\t<meta name=\"twitter:data1\" content=\"1 minute\" \/>\n<script type=\"application\/ld+json\" class=\"yoast-schema-graph\">{\"@context\":\"https:\\\/\\\/schema.org\",\"@graph\":[{\"@type\":\"WebPage\",\"@id\":\"https:\\\/\\\/jeunesenfugue.ca\\\/en\\\/intervenants\\\/boite-a-outils\\\/\",\"url\":\"https:\\\/\\\/jeunesenfugue.ca\\\/en\\\/intervenants\\\/boite-a-outils\\\/\",\"name\":\"Youth workers: Toolbox | Youth Runaway\",\"isPartOf\":{\"@id\":\"https:\\\/\\\/jeunesenfugue.ca\\\/en\\\/#website\"},\"primaryImageOfPage\":{\"@id\":\"https:\\\/\\\/jeunesenfugue.ca\\\/en\\\/intervenants\\\/boite-a-outils\\\/#primaryimage\"},\"image\":{\"@id\":\"https:\\\/\\\/jeunesenfugue.ca\\\/en\\\/intervenants\\\/boite-a-outils\\\/#primaryimage\"},\"thumbnailUrl\":\"https:\\\/\\\/jeunesenfugue.ca\\\/wp-content\\\/uploads\\\/2022\\\/11\\\/Intervenants-Boites-a-outils.svg\",\"datePublished\":\"2022-11-09T22:01:45+00:00\",\"dateModified\":\"2024-10-24T15:04:41+00:00\",\"description\":\"Do you work with young people who may run away or are in a runaway situation? Find the resources you need in our Toolbox.\",\"breadcrumb\":{\"@id\":\"https:\\\/\\\/jeunesenfugue.ca\\\/en\\\/intervenants\\\/boite-a-outils\\\/#breadcrumb\"},\"inLanguage\":\"en-US\",\"potentialAction\":[{\"@type\":\"ReadAction\",\"target\":[\"https:\\\/\\\/jeunesenfugue.ca\\\/en\\\/intervenants\\\/boite-a-outils\\\/\"]}]},{\"@type\":\"ImageObject\",\"inLanguage\":\"en-US\",\"@id\":\"https:\\\/\\\/jeunesenfugue.ca\\\/en\\\/intervenants\\\/boite-a-outils\\\/#primaryimage\",\"url\":\"https:\\\/\\\/jeunesenfugue.ca\\\/wp-content\\\/uploads\\\/2022\\\/11\\\/Intervenants-Boites-a-outils.svg\",\"contentUrl\":\"https:\\\/\\\/jeunesenfugue.ca\\\/wp-content\\\/uploads\\\/2022\\\/11\\\/Intervenants-Boites-a-outils.svg\"},{\"@type\":\"BreadcrumbList\",\"@id\":\"https:\\\/\\\/jeunesenfugue.ca\\\/en\\\/intervenants\\\/boite-a-outils\\\/#breadcrumb\",\"itemListElement\":[{\"@type\":\"ListItem\",\"position\":1,\"name\":\"Home\",\"item\":\"https:\\\/\\\/jeunesenfugue.ca\\\/en\\\/\"},{\"@type\":\"ListItem\",\"position\":2,\"name\":\"Intervenants \u2013 Toolbox\"}]},{\"@type\":\"WebSite\",\"@id\":\"https:\\\/\\\/jeunesenfugue.ca\\\/en\\\/#website\",\"url\":\"https:\\\/\\\/jeunesenfugue.ca\\\/en\\\/\",\"name\":\"Jeunes en fugue\",\"description\":\"Jeunes en fugue\",\"publisher\":{\"@id\":\"https:\\\/\\\/jeunesenfugue.ca\\\/en\\\/#organization\"},\"potentialAction\":[{\"@type\":\"SearchAction\",\"target\":{\"@type\":\"EntryPoint\",\"urlTemplate\":\"https:\\\/\\\/jeunesenfugue.ca\\\/en\\\/?s={search_term_string}\"},\"query-input\":{\"@type\":\"PropertyValueSpecification\",\"valueRequired\":true,\"valueName\":\"search_term_string\"}}],\"inLanguage\":\"en-US\"},{\"@type\":\"Organization\",\"@id\":\"https:\\\/\\\/jeunesenfugue.ca\\\/en\\\/#organization\",\"name\":\"Jeunes en fugue\",\"url\":\"https:\\\/\\\/jeunesenfugue.ca\\\/en\\\/\",\"logo\":{\"@type\":\"ImageObject\",\"inLanguage\":\"en-US\",\"@id\":\"https:\\\/\\\/jeunesenfugue.ca\\\/en\\\/#\\\/schema\\\/logo\\\/image\\\/\",\"url\":\"https:\\\/\\\/jeunesenfugue.ca\\\/wp-content\\\/uploads\\\/2022\\\/12\\\/Jeunes-en-fugue-LOGO.png\",\"contentUrl\":\"https:\\\/\\\/jeunesenfugue.ca\\\/wp-content\\\/uploads\\\/2022\\\/12\\\/Jeunes-en-fugue-LOGO.png\",\"width\":262,\"height\":100,\"caption\":\"Jeunes en fugue\"},\"image\":{\"@id\":\"https:\\\/\\\/jeunesenfugue.ca\\\/en\\\/#\\\/schema\\\/logo\\\/image\\\/\"}}]}<\/script>\n<!-- \/ Yoast SEO plugin. -->","yoast_head_json":{"title":"Youth workers: Toolbox | Youth Runaway","description":"Do you work with young people who may run away or are in a runaway situation? Find the resources you need in our Toolbox.","robots":{"index":"index","follow":"follow","max-snippet":"max-snippet:-1","max-image-preview":"max-image-preview:large","max-video-preview":"max-video-preview:-1"},"canonical":"https:\/\/jeunesenfugue.ca\/en\/intervenants\/boite-a-outils\/","og_locale":"en_US","og_type":"article","og_title":"Youth workers: Toolbox | Youth Runaway","og_description":"Do you work with young people who may run away or are in a runaway situation? Find the resources you need in our Toolbox.","og_url":"https:\/\/jeunesenfugue.ca\/en\/intervenants\/boite-a-outils\/","og_site_name":"Jeunes en fugue","article_modified_time":"2024-10-24T15:04:41+00:00","og_image":[{"url":"https:\/\/jeunesenfugue.ca\/wp-content\/uploads\/2022\/11\/Intervenants-Boites-a-outils.svg","type":"","width":"","height":""}],"twitter_card":"summary_large_image","twitter_misc":{"Est. reading time":"1 minute"},"schema":{"@context":"https:\/\/schema.org","@graph":[{"@type":"WebPage","@id":"https:\/\/jeunesenfugue.ca\/en\/intervenants\/boite-a-outils\/","url":"https:\/\/jeunesenfugue.ca\/en\/intervenants\/boite-a-outils\/","name":"Youth workers: Toolbox | Youth Runaway","isPartOf":{"@id":"https:\/\/jeunesenfugue.ca\/en\/#website"},"primaryImageOfPage":{"@id":"https:\/\/jeunesenfugue.ca\/en\/intervenants\/boite-a-outils\/#primaryimage"},"image":{"@id":"https:\/\/jeunesenfugue.ca\/en\/intervenants\/boite-a-outils\/#primaryimage"},"thumbnailUrl":"https:\/\/jeunesenfugue.ca\/wp-content\/uploads\/2022\/11\/Intervenants-Boites-a-outils.svg","datePublished":"2022-11-09T22:01:45+00:00","dateModified":"2024-10-24T15:04:41+00:00","description":"Do you work with young people who may run away or are in a runaway situation? Find the resources you need in our Toolbox.","breadcrumb":{"@id":"https:\/\/jeunesenfugue.ca\/en\/intervenants\/boite-a-outils\/#breadcrumb"},"inLanguage":"en-US","potentialAction":[{"@type":"ReadAction","target":["https:\/\/jeunesenfugue.ca\/en\/intervenants\/boite-a-outils\/"]}]},{"@type":"ImageObject","inLanguage":"en-US","@id":"https:\/\/jeunesenfugue.ca\/en\/intervenants\/boite-a-outils\/#primaryimage","url":"https:\/\/jeunesenfugue.ca\/wp-content\/uploads\/2022\/11\/Intervenants-Boites-a-outils.svg","contentUrl":"https:\/\/jeunesenfugue.ca\/wp-content\/uploads\/2022\/11\/Intervenants-Boites-a-outils.svg"},{"@type":"BreadcrumbList","@id":"https:\/\/jeunesenfugue.ca\/en\/intervenants\/boite-a-outils\/#breadcrumb","itemListElement":[{"@type":"ListItem","position":1,"name":"Home","item":"https:\/\/jeunesenfugue.ca\/en\/"},{"@type":"ListItem","position":2,"name":"Intervenants \u2013 Toolbox"}]},{"@type":"WebSite","@id":"https:\/\/jeunesenfugue.ca\/en\/#website","url":"https:\/\/jeunesenfugue.ca\/en\/","name":"Jeunes en fugue","description":"Jeunes en fugue","publisher":{"@id":"https:\/\/jeunesenfugue.ca\/en\/#organization"},"potentialAction":[{"@type":"SearchAction","target":{"@type":"EntryPoint","urlTemplate":"https:\/\/jeunesenfugue.ca\/en\/?s={search_term_string}"},"query-input":{"@type":"PropertyValueSpecification","valueRequired":true,"valueName":"search_term_string"}}],"inLanguage":"en-US"},{"@type":"Organization","@id":"https:\/\/jeunesenfugue.ca\/en\/#organization","name":"Jeunes en fugue","url":"https:\/\/jeunesenfugue.ca\/en\/","logo":{"@type":"ImageObject","inLanguage":"en-US","@id":"https:\/\/jeunesenfugue.ca\/en\/#\/schema\/logo\/image\/","url":"https:\/\/jeunesenfugue.ca\/wp-content\/uploads\/2022\/12\/Jeunes-en-fugue-LOGO.png","contentUrl":"https:\/\/jeunesenfugue.ca\/wp-content\/uploads\/2022\/12\/Jeunes-en-fugue-LOGO.png","width":262,"height":100,"caption":"Jeunes en fugue"},"image":{"@id":"https:\/\/jeunesenfugue.ca\/en\/#\/schema\/logo\/image\/"}}]}},"_links":{"self":[{"href":"https:\/\/jeunesenfugue.ca\/en\/wp-json\/wp\/v2\/pages\/382","targetHints":{"allow":["GET"]}}],"collection":[{"href":"https:\/\/jeunesenfugue.ca\/en\/wp-json\/wp\/v2\/pages"}],"about":[{"href":"https:\/\/jeunesenfugue.ca\/en\/wp-json\/wp\/v2\/types\/page"}],"author":[{"embeddable":true,"href":"https:\/\/jeunesenfugue.ca\/en\/wp-json\/wp\/v2\/users\/3"}],"replies":[{"embeddable":true,"href":"https:\/\/jeunesenfugue.ca\/en\/wp-json\/wp\/v2\/comments?post=382"}],"version-history":[{"count":0,"href":"https:\/\/jeunesenfugue.ca\/en\/wp-json\/wp\/v2\/pages\/382\/revisions"}],"wp:attachment":[{"href":"https:\/\/jeunesenfugue.ca\/en\/wp-json\/wp\/v2\/media?parent=382"}],"curies":[{"name":"wp","href":"https:\/\/api.w.org\/{rel}","templated":true}]}}